{"id":16,"date":"2024-08-08T22:34:04","date_gmt":"2024-08-09T01:34:04","guid":{"rendered":"https:\/\/new.contandohistorias.com.br\/?page_id=16"},"modified":"2024-08-09T12:23:32","modified_gmt":"2024-08-09T15:23:32","slug":"arquivo","status":"publish","type":"page","link":"https:\/\/contandohistorias.com.br\/?page_id=16","title":{"rendered":"Contando Hist\u00f3rias"},"content":{"rendered":"\n<p><strong>Bem-vindo ao Contando&nbsp;<\/strong>Hist\u00f3rias<strong>: Onde as Hist\u00f3rias Ganham Vida<\/strong><\/p>\n\n\n\n<p>No&nbsp;<em>Contando Hist\u00f3rias<\/em>, acreditamos no poder das narrativas para inspirar, emocionar e transformar vidas. Este \u00e9 um espa\u00e7o dedicado a todos que amam contar, ouvir e compartilhar hist\u00f3rias. Sejam elas reais ou fict\u00edcias, curtas ou longas, dram\u00e1ticas ou divertidas, aqui cada hist\u00f3ria encontra seu lugar e seu p\u00fablico.<\/p>\n\n\n\n<p><strong>Descubra, Conecte, Compartilhe<\/strong><\/p>\n\n\n\n<p>Nosso portal oferece uma variedade de recursos para contadores de hist\u00f3rias, leitores e entusiastas da literatura. Navegue por nossas cole\u00e7\u00f5es de contos, cr\u00f4nicas, relatos pessoais e muito mais. Participe de nossa comunidade, troque experi\u00eancias, e fa\u00e7a parte de um movimento que celebra a arte de contar hist\u00f3rias.<\/p>\n\n\n\n<p><strong>Para Quem \u00c9 Apaixonado Por Palavras<\/strong><\/p>\n\n\n\n<p>Se voc\u00ea gosta de escrever, nosso espa\u00e7o \u00e9 para voc\u00ea. Publique suas cria\u00e7\u00f5es, receba feedback da comunidade e alcance novos leitores. Se preferir ouvir, explore nossa biblioteca de audiocontos e deixe-se levar pela magia da narrativa oral.<\/p>\n\n\n\n<p><strong>Junte-se a N\u00f3s!<\/strong><\/p>\n\n\n\n<p>No&nbsp;<em>Contando Hist\u00f3rias<\/em>, cada voz \u00e9 importante, cada narrativa \u00e9 valiosa. Seja voc\u00ea um escritor em busca de leitores, um leitor em busca de hist\u00f3rias ou algu\u00e9m que apenas deseja se inspirar, voc\u00ea encontrar\u00e1 um lugar especial aqui. Junte-se a n\u00f3s e ajude a construir um acervo que celebra a diversidade e a riqueza das experi\u00eancias humanas.<\/p>\n","protected":false},"excerpt":{"rendered":"<p>Bem-vindo ao Contando&nbsp;Hist\u00f3rias: Onde as Hist\u00f3rias Ganham Vida No&nbsp;Contando Hist\u00f3rias, acreditamos no poder das narrativas para inspirar, emocionar e transformar vidas. Este \u00e9 um espa\u00e7o dedicado a todos que amam contar, ouvir e compartilhar hist\u00f3rias. Sejam elas reais ou fict\u00edcias, curtas ou longas, dram\u00e1ticas ou divertidas, aqui cada hist\u00f3ria encontra seu lugar e seu p\u00fablico. [&hellip;]<\/p>\n","protected":false},"author":1,"featured_media":0,"parent":0,"menu_order":0,"comment_status":"closed","ping_status":"closed","template":"","meta":{"_uag_custom_page_level_css":"","footnotes":""},"class_list":["post-16","page","type-page","status-publish","hentry","post-preview"],"uagb_featured_image_src":{"full":false,"thumbnail":false,"medium":false,"medium_large":false,"large":false,"1536x1536":false,"2048x2048":false,"post-image":false},"uagb_author_info":{"display_name":"Rubens","author_link":"https:\/\/contandohistorias.com.br\/?author=1"},"uagb_comment_info":0,"uagb_excerpt":"Bem-vindo ao Contando&nbsp;Hist\u00f3rias: Onde as Hist\u00f3rias Ganham Vida No&nbsp;Contando Hist\u00f3rias, acreditamos no poder das narrativas para inspirar, emocionar e transformar vidas. Este \u00e9 um espa\u00e7o dedicado a todos que amam contar, ouvir e compartilhar hist\u00f3rias. Sejam elas reais ou fict\u00edcias, curtas ou longas, dram\u00e1ticas ou divertidas, aqui cada hist\u00f3ria encontra seu lugar e seu p\u00fablico.&hellip;","_links":{"self":[{"href":"https:\/\/contandohistorias.com.br\/index.php?rest_route=\/wp\/v2\/pages\/16","targetHints":{"allow":["GET"]}}],"collection":[{"href":"https:\/\/contandohistorias.com.br\/index.php?rest_route=\/wp\/v2\/pages"}],"about":[{"href":"https:\/\/contandohistorias.com.br\/index.php?rest_route=\/wp\/v2\/types\/page"}],"author":[{"embeddable":true,"href":"https:\/\/contandohistorias.com.br\/index.php?rest_route=\/wp\/v2\/users\/1"}],"replies":[{"embeddable":true,"href":"https:\/\/contandohistorias.com.br\/index.php?rest_route=%2Fwp%2Fv2%2Fcomments&post=16"}],"version-history":[{"count":3,"href":"https:\/\/contandohistorias.com.br\/index.php?rest_route=\/wp\/v2\/pages\/16\/revisions"}],"predecessor-version":[{"id":168,"href":"https:\/\/contandohistorias.com.br\/index.php?rest_route=\/wp\/v2\/pages\/16\/revisions\/168"}],"wp:attachment":[{"href":"https:\/\/contandohistorias.com.br\/index.php?rest_route=%2Fwp%2Fv2%2Fmedia&parent=16"}],"curies":[{"name":"wp","href":"https:\/\/api.w.org\/{rel}","templated":true}]}}